{"id":13974,"date":"2025-01-17T04:40:57","date_gmt":"2025-01-17T04:40:57","guid":{"rendered":"https:\/\/urbanana.su\/a-propos-de-nous\/"},"modified":"2025-01-17T14:58:35","modified_gmt":"2025-01-17T14:58:35","slug":"a-propos-de-nous","status":"publish","type":"page","link":"https:\/\/urbanana.su\/fr\/a-propos-de-nous\/","title":{"rendered":"A propos de nous"},"content":{"rendered":"<div class=\"fusion-fullwidth fullwidth-box fusion-builder-row-1 fusion-flex-container nonhundred-percent-fullwidth non-hundred-percent-height-scrolling\" style=\"--awb-border-radius-top-left:0px;--awb-border-radius-top-right:0px;--awb-border-radius-bottom-right:0px;--awb-border-radius-bottom-left:0px;--awb-flex-wrap:wrap;\" ><div class=\"fusion-builder-row fusion-row fusion-flex-align-items-flex-start fusion-flex-content-wrap\" style=\"max-width:1497.6px;margin-left: calc(-4% \/ 2 );margin-right: calc(-4% \/ 2 );\"><div class=\"fusion-layout-column fusion_builder_column fusion-builder-column-0 fusion_builder_column_1_1 1_1 fusion-flex-column\" style=\"--awb-bg-size:cover;--awb-width-large:100%;--awb-margin-top-large:0px;--awb-spacing-right-large:1.92%;--awb-margin-bottom-large:20px;--awb-spacing-left-large:1.92%;--awb-width-medium:100%;--awb-order-medium:0;--awb-spacing-right-medium:1.92%;--awb-spacing-left-medium:1.92%;--awb-width-small:100%;--awb-order-small:0;--awb-spacing-right-small:1.92%;--awb-spacing-left-small:1.92%;\"><div class=\"fusion-column-wrapper fusion-column-has-shadow fusion-flex-justify-content-flex-start fusion-content-layout-column\"><div class=\"fusion-title title fusion-title-1 fusion-sep-none fusion-title-center fusion-title-text fusion-title-size-one\" style=\"--awb-margin-top-small:0px;--awb-margin-bottom-small:12px;\"><h1 class=\"fusion-title-heading title-heading-center fusion-responsive-typography-calculated\" style=\"margin:0;--fontSize:43.75;line-height:1.2;\"><h1 class=\"mb-4\">Efficace, pr\u00e9cis, joyeux<\/h1><\/h1><\/div><div class=\"fusion-text fusion-text-1\"><p style=\"text-align: center;\"><em>UrbanAna est un outil de conception 3D simple et agr\u00e9able pour les architectes et les urbanistes, cr\u00e9\u00e9 par une petite \u00e9quipe au Vietnam.<\/em><\/p>\n<\/div><div class=\"fusion-image-element \" style=\"--awb-max-width:600px;--awb-caption-title-font-family:var(--h2_typography-font-family);--awb-caption-title-font-weight:var(--h2_typography-font-weight);--awb-caption-title-font-style:var(--h2_typography-font-style);--awb-caption-title-size:var(--h2_typography-font-size);--awb-caption-title-transform:var(--h2_typography-text-transform);--awb-caption-title-line-height:var(--h2_typography-line-height);--awb-caption-title-letter-spacing:var(--h2_typography-letter-spacing);\"><span class=\" fusion-imageframe imageframe-none imageframe-1 hover-type-none\" style=\"border-radius:10px;\"><img decoding=\"async\" width=\"2325\" height=\"1308\" title=\"Son Tran Ngoc\" src=\"https:\/\/urbanana.su\/wp-content\/uploads\/2025\/01\/Son-Tran-Ngoc.png\" data-orig-src=\"https:\/\/urbanana.su\/wp-content\/uploads\/2025\/01\/Son-Tran-Ngoc.png\" alt class=\"lazyload img-responsive wp-image-13771\" srcset=\"data:image\/svg+xml,%3Csvg%20xmlns%3D%27http%3A%2F%2Fwww.w3.org%2F2000%2Fsvg%27%20width%3D%272325%27%20height%3D%271308%27%20viewBox%3D%270%200%202325%201308%27%3E%3Crect%20width%3D%272325%27%20height%3D%271308%27%20fill-opacity%3D%220%22%2F%3E%3C%2Fsvg%3E\" data-srcset=\"https:\/\/urbanana.su\/wp-content\/uploads\/2025\/01\/Son-Tran-Ngoc-200x113.png 200w, https:\/\/urbanana.su\/wp-content\/uploads\/2025\/01\/Son-Tran-Ngoc-400x225.png 400w, https:\/\/urbanana.su\/wp-content\/uploads\/2025\/01\/Son-Tran-Ngoc-600x338.png 600w, https:\/\/urbanana.su\/wp-content\/uploads\/2025\/01\/Son-Tran-Ngoc-800x450.png 800w, https:\/\/urbanana.su\/wp-content\/uploads\/2025\/01\/Son-Tran-Ngoc-1200x675.png 1200w, https:\/\/urbanana.su\/wp-content\/uploads\/2025\/01\/Son-Tran-Ngoc.png 2325w\" data-sizes=\"auto\" data-orig-sizes=\"(max-width: 640px) 100vw, 2325px\" \/><\/span><\/div><\/div><\/div><div class=\"fusion-layout-column fusion_builder_column fusion-builder-column-1 fusion_builder_column_1_1 1_1 fusion-flex-column\" style=\"--awb-bg-size:cover;--awb-width-large:100%;--awb-margin-top-large:0px;--awb-spacing-right-large:1.92%;--awb-margin-bottom-large:0px;--awb-spacing-left-large:1.92%;--awb-width-medium:100%;--awb-spacing-right-medium:1.92%;--awb-spacing-left-medium:1.92%;--awb-width-small:100%;--awb-spacing-right-small:1.92%;--awb-spacing-left-small:1.92%;\"><div class=\"fusion-column-wrapper fusion-flex-justify-content-flex-start fusion-content-layout-column\"><div class=\"fusion-text fusion-text-2\"><p>UrbanAna est n\u00e9e d&rsquo;une n\u00e9cessit\u00e9. Je suis Son Tran Ngoc, architecte et urbaniste, et pendant des ann\u00e9es, j&rsquo;ai pass\u00e9 d&rsquo;interminables heures sur AutoCAD \u00e0 d\u00e9caler, \u00e0 remplir et \u00e0 compter manuellement les surfaces des parcelles, \u00e0 calculer la surface brute de plancher (SBP) et le coefficient d&rsquo;occupation des sols (COS), pour ensuite retravailler des concepts entiers apr\u00e8s avoir re\u00e7u les commentaires des clients. C&rsquo;\u00e9tait fastidieux, source d&rsquo;erreurs, et cela laissait peu de temps pour la r\u00e9flexion cr\u00e9ative &#8211; la partie que j&rsquo;aime le plus dans l&rsquo;urbanisme. J&rsquo;ai compris qu&rsquo;il devait y avoir une meilleure m\u00e9thode. J&rsquo;ai donc entrepris de la cr\u00e9er. UrbanAna est un effort cibl\u00e9 pour simplifier le flux de travail des architectes et des urbanistes. Notre logiciel est con\u00e7u pour \u00e9liminer les t\u00e2ches r\u00e9p\u00e9titives, ce qui vous laisse plus de temps pour concevoir et innover. Nous pensons que les outils doivent \u00eatre intuitifs, rapides et s&rsquo;int\u00e9grer de mani\u00e8re transparente dans votre flux cr\u00e9atif. C&rsquo;est pourquoi UrbanAna combine l&rsquo;automatisation intelligente avec la simplicit\u00e9, en s&rsquo;assurant que chaque fonctionnalit\u00e9 fait exactement ce dont vous avez besoin &#8211; ni plus, ni moins.<\/p>\n<\/div><div class=\"awb-gallery-wrapper awb-gallery-wrapper-1 button-span-no\" style=\"--more-btn-alignment:center;\"><div style=\"margin:-5px;--awb-bordersize:10px;--awb-caption-title-font-family:var(--awb-typography4-font-family);--awb-caption-title-font-weight:var(--awb-typography4-font-weight);--awb-caption-title-font-style:var(--awb-typography4-font-style);--awb-columns-medium:100%;--awb-columns-small:100%;\" class=\"fusion-gallery fusion-gallery-container fusion-grid-2 fusion-columns-total-2 fusion-gallery-layout-grid fusion-gallery-1\"><div style=\"padding:5px;\" class=\"fusion-grid-column fusion-gallery-column fusion-gallery-column-2 hover-type-none awb-imageframe-style awb-imageframe-style-below awb-imageframe-style-1\"><div class=\"fusion-gallery-image\"><a href=\"https:\/\/urbanana.su\/wp-content\/uploads\/2025\/01\/Sons-works.jpg\" data-title=\"Sons works\" title=\"Sons works\" rel=\"noreferrer\" data-rel=\"iLightbox[gallery_image_1]\" class=\"fusion-lightbox\" target=\"_self\"><img decoding=\"async\" src=\"https:\/\/urbanana.su\/wp-content\/uploads\/2025\/01\/Sons-works.jpg\" width=\"2329\" height=\"1311\" alt=\"\" title=\"Sons works\" aria-label=\"Sons works\" class=\"img-responsive wp-image-13781 fusion-gallery-image-size-fixed\" srcset=\"https:\/\/urbanana.su\/wp-content\/uploads\/2025\/01\/Sons-works-200x113.jpg 200w, https:\/\/urbanana.su\/wp-content\/uploads\/2025\/01\/Sons-works-400x225.jpg 400w, https:\/\/urbanana.su\/wp-content\/uploads\/2025\/01\/Sons-works-600x338.jpg 600w, https:\/\/urbanana.su\/wp-content\/uploads\/2025\/01\/Sons-works-800x450.jpg 800w, https:\/\/urbanana.su\/wp-content\/uploads\/2025\/01\/Sons-works-1200x675.jpg 1200w, https:\/\/urbanana.su\/wp-content\/uploads\/2025\/01\/Sons-works.jpg 2329w\" sizes=\"(min-width: 2200px) 100vw, (min-width: 712px) 784px, (min-width: 640px) 712px, \" \/><\/a><\/div><div class=\"awb-imageframe-caption-container\"><div class=\"awb-imageframe-caption\"><div class=\"awb-imageframe-caption-title\">Une s\u00e9lection de mes travaux r\u00e9alis\u00e9s au cours de mes cinq ann\u00e9es d&#039;activit\u00e9 dans le domaine de l&#039;architecture et de l&#039;urbanisme.<\/div><\/div><\/div><\/div><div style=\"padding:5px;\" class=\"fusion-grid-column fusion-gallery-column fusion-gallery-column-2 hover-type-none awb-imageframe-style awb-imageframe-style-below awb-imageframe-style-1\"><div class=\"fusion-gallery-image\"><a href=\"https:\/\/urbanana.su\/wp-content\/uploads\/2025\/01\/chrome_wFG25RKiI8-scaled.jpg\" data-title=\"chrome_wFG25RKiI8\" title=\"chrome_wFG25RKiI8\" rel=\"noreferrer\" data-rel=\"iLightbox[gallery_image_1]\" class=\"fusion-lightbox\" target=\"_self\"><img decoding=\"async\" src=\"https:\/\/urbanana.su\/wp-content\/uploads\/2025\/01\/chrome_wFG25RKiI8-scaled.jpg\" width=\"2560\" height=\"1440\" alt=\"\" title=\"chrome_wFG25RKiI8\" aria-label=\"chrome_wFG25RKiI8\" class=\"img-responsive wp-image-13807 fusion-gallery-image-size-fixed\" srcset=\"https:\/\/urbanana.su\/wp-content\/uploads\/2025\/01\/chrome_wFG25RKiI8-200x112.jpg 200w, https:\/\/urbanana.su\/wp-content\/uploads\/2025\/01\/chrome_wFG25RKiI8-400x225.jpg 400w, https:\/\/urbanana.su\/wp-content\/uploads\/2025\/01\/chrome_wFG25RKiI8-600x337.jpg 600w, https:\/\/urbanana.su\/wp-content\/uploads\/2025\/01\/chrome_wFG25RKiI8-800x450.jpg 800w, https:\/\/urbanana.su\/wp-content\/uploads\/2025\/01\/chrome_wFG25RKiI8-1200x675.jpg 1200w, https:\/\/urbanana.su\/wp-content\/uploads\/2025\/01\/chrome_wFG25RKiI8-scaled.jpg 2560w\" sizes=\"(min-width: 2200px) 100vw, (min-width: 712px) 784px, (min-width: 640px) 712px, \" \/><\/a><\/div><div class=\"awb-imageframe-caption-container\"><div class=\"awb-imageframe-caption\"><div class=\"awb-imageframe-caption-title\">chrome_wFG25RKiI8<\/div><p class=\"awb-imageframe-caption-text\">Took me weeks to offset, fillet and then itilerating a brand new different concept after feedback from client<\/p><\/div><\/div><\/div><div class=\"clearfix\"><\/div><\/div><\/div><div class=\"fusion-text fusion-text-3\"><h3>Notre mission<\/h3>\n<p>Permettre aux architectes et aux urbanistes de disposer d&rsquo;outils efficaces, pr\u00e9cis et agr\u00e9ables \u00e0 utiliser, afin qu&rsquo;ils puissent consacrer leur temps \u00e0 ce qui compte vraiment : construire de meilleures villes.<\/p>\n<h3>Notre parcours<\/h3>\n<p>UrbanAna est le produit d&rsquo;une passion et d&rsquo;une r\u00e9solution incessante de probl\u00e8mes, cr\u00e9\u00e9 par une petite \u00e9quipe qui conna\u00eet les d\u00e9fis auxquels vous \u00eates confront\u00e9s parce que nous sommes pass\u00e9s par l\u00e0. Chaque mise \u00e0 jour s&rsquo;appuie sur les commentaires d&rsquo;utilisateurs comme vous, et nous nous engageons \u00e0 faire d&rsquo;UrbanAna le meilleur compagnon pour vos projets de conception. Nous esp\u00e9rons que vous aimerez utiliser UrbanAna autant que nous avons aim\u00e9 le construire. &#8211; Son Tran Ngoc<br \/>\nFondateur d&rsquo;UrbanAna, architecte, urbaniste<\/p>\n<\/div><\/div><\/div><\/div><\/div>\n","protected":false},"excerpt":{"rendered":"","protected":false},"author":1,"featured_media":0,"parent":0,"menu_order":0,"comment_status":"closed","ping_status":"closed","template":"100-width.php","meta":{"_acf_changed":false,"footnotes":""},"class_list":["post-13974","page","type-page","status-publish","hentry"],"acf":[],"yoast_head":"<!-- This site is optimized with the Yoast SEO Premium plugin v24.2 (Yoast SEO v27.5) - https:\/\/yoast.com\/product\/yoast-seo-premium-wordpress\/ -->\n<title>A propos de nous - UrbanAna<\/title>\n<meta name=\"robots\" content=\"index, follow, max-snippet:-1, max-image-preview:large, max-video-preview:-1\" \/>\n<link rel=\"canonical\" href=\"https:\/\/urbanana.su\/fr\/a-propos-de-nous\/\" \/>\n<meta property=\"og:locale\" content=\"fr_FR\" \/>\n<meta property=\"og:type\" content=\"article\" \/>\n<meta property=\"og:title\" content=\"A propos de nous\" \/>\n<meta property=\"og:url\" content=\"https:\/\/urbanana.su\/fr\/a-propos-de-nous\/\" \/>\n<meta property=\"og:site_name\" content=\"UrbanAna\" \/>\n<meta property=\"article:publisher\" content=\"https:\/\/www.facebook.com\/UrbanAnaHQ\/\" \/>\n<meta property=\"article:modified_time\" content=\"2025-01-17T14:58:35+00:00\" \/>\n<meta name=\"twitter:card\" content=\"summary_large_image\" \/>\n<meta name=\"twitter:label1\" content=\"Dur\u00e9e de lecture estim\u00e9e\" \/>\n\t<meta name=\"twitter:data1\" content=\"6 minutes\" \/>\n<script type=\"application\/ld+json\" class=\"yoast-schema-graph\">{\"@context\":\"https:\\\/\\\/schema.org\",\"@graph\":[{\"@type\":\"WebPage\",\"@id\":\"https:\\\/\\\/urbanana.su\\\/fr\\\/a-propos-de-nous\\\/\",\"url\":\"https:\\\/\\\/urbanana.su\\\/fr\\\/a-propos-de-nous\\\/\",\"name\":\"A propos de nous - UrbanAna\",\"isPartOf\":{\"@id\":\"https:\\\/\\\/urbanana.su\\\/fr\\\/#website\"},\"datePublished\":\"2025-01-17T04:40:57+00:00\",\"dateModified\":\"2025-01-17T14:58:35+00:00\",\"breadcrumb\":{\"@id\":\"https:\\\/\\\/urbanana.su\\\/fr\\\/a-propos-de-nous\\\/#breadcrumb\"},\"inLanguage\":\"fr-FR\",\"potentialAction\":[{\"@type\":\"ReadAction\",\"target\":[\"https:\\\/\\\/urbanana.su\\\/fr\\\/a-propos-de-nous\\\/\"]}]},{\"@type\":\"BreadcrumbList\",\"@id\":\"https:\\\/\\\/urbanana.su\\\/fr\\\/a-propos-de-nous\\\/#breadcrumb\",\"itemListElement\":[{\"@type\":\"ListItem\",\"position\":1,\"name\":\"Accueil\",\"item\":\"https:\\\/\\\/urbanana.su\\\/fr\\\/page-daccueil\\\/\"},{\"@type\":\"ListItem\",\"position\":2,\"name\":\"A propos de nous\"}]},{\"@type\":\"WebSite\",\"@id\":\"https:\\\/\\\/urbanana.su\\\/fr\\\/#website\",\"url\":\"https:\\\/\\\/urbanana.su\\\/fr\\\/\",\"name\":\"UrbanAna\",\"description\":\"Urban Planning &amp; Design Software\",\"publisher\":{\"@id\":\"https:\\\/\\\/urbanana.su\\\/fr\\\/#organization\"},\"potentialAction\":[{\"@type\":\"SearchAction\",\"target\":{\"@type\":\"EntryPoint\",\"urlTemplate\":\"https:\\\/\\\/urbanana.su\\\/fr\\\/?s={search_term_string}\"},\"query-input\":{\"@type\":\"PropertyValueSpecification\",\"valueRequired\":true,\"valueName\":\"search_term_string\"}}],\"inLanguage\":\"fr-FR\"},{\"@type\":\"Organization\",\"@id\":\"https:\\\/\\\/urbanana.su\\\/fr\\\/#organization\",\"name\":\"UrbanAna\",\"url\":\"https:\\\/\\\/urbanana.su\\\/fr\\\/\",\"logo\":{\"@type\":\"ImageObject\",\"inLanguage\":\"fr-FR\",\"@id\":\"https:\\\/\\\/urbanana.su\\\/fr\\\/#\\\/schema\\\/logo\\\/image\\\/\",\"url\":\"https:\\\/\\\/urbanana.su\\\/wp-content\\\/uploads\\\/2025\\\/01\\\/UA-Logo-Rec-Rounded-corner.png\",\"contentUrl\":\"https:\\\/\\\/urbanana.su\\\/wp-content\\\/uploads\\\/2025\\\/01\\\/UA-Logo-Rec-Rounded-corner.png\",\"width\":218,\"height\":218,\"caption\":\"UrbanAna\"},\"image\":{\"@id\":\"https:\\\/\\\/urbanana.su\\\/fr\\\/#\\\/schema\\\/logo\\\/image\\\/\"},\"sameAs\":[\"https:\\\/\\\/www.facebook.com\\\/UrbanAnaHQ\\\/\"]}]}<\/script>\n<!-- \/ Yoast SEO Premium plugin. -->","yoast_head_json":{"title":"A propos de nous - UrbanAna","robots":{"index":"index","follow":"follow","max-snippet":"max-snippet:-1","max-image-preview":"max-image-preview:large","max-video-preview":"max-video-preview:-1"},"canonical":"https:\/\/urbanana.su\/fr\/a-propos-de-nous\/","og_locale":"fr_FR","og_type":"article","og_title":"A propos de nous","og_url":"https:\/\/urbanana.su\/fr\/a-propos-de-nous\/","og_site_name":"UrbanAna","article_publisher":"https:\/\/www.facebook.com\/UrbanAnaHQ\/","article_modified_time":"2025-01-17T14:58:35+00:00","twitter_card":"summary_large_image","twitter_misc":{"Dur\u00e9e de lecture estim\u00e9e":"6 minutes"},"schema":{"@context":"https:\/\/schema.org","@graph":[{"@type":"WebPage","@id":"https:\/\/urbanana.su\/fr\/a-propos-de-nous\/","url":"https:\/\/urbanana.su\/fr\/a-propos-de-nous\/","name":"A propos de nous - UrbanAna","isPartOf":{"@id":"https:\/\/urbanana.su\/fr\/#website"},"datePublished":"2025-01-17T04:40:57+00:00","dateModified":"2025-01-17T14:58:35+00:00","breadcrumb":{"@id":"https:\/\/urbanana.su\/fr\/a-propos-de-nous\/#breadcrumb"},"inLanguage":"fr-FR","potentialAction":[{"@type":"ReadAction","target":["https:\/\/urbanana.su\/fr\/a-propos-de-nous\/"]}]},{"@type":"BreadcrumbList","@id":"https:\/\/urbanana.su\/fr\/a-propos-de-nous\/#breadcrumb","itemListElement":[{"@type":"ListItem","position":1,"name":"Accueil","item":"https:\/\/urbanana.su\/fr\/page-daccueil\/"},{"@type":"ListItem","position":2,"name":"A propos de nous"}]},{"@type":"WebSite","@id":"https:\/\/urbanana.su\/fr\/#website","url":"https:\/\/urbanana.su\/fr\/","name":"UrbanAna","description":"Urban Planning &amp; Design Software","publisher":{"@id":"https:\/\/urbanana.su\/fr\/#organization"},"potentialAction":[{"@type":"SearchAction","target":{"@type":"EntryPoint","urlTemplate":"https:\/\/urbanana.su\/fr\/?s={search_term_string}"},"query-input":{"@type":"PropertyValueSpecification","valueRequired":true,"valueName":"search_term_string"}}],"inLanguage":"fr-FR"},{"@type":"Organization","@id":"https:\/\/urbanana.su\/fr\/#organization","name":"UrbanAna","url":"https:\/\/urbanana.su\/fr\/","logo":{"@type":"ImageObject","inLanguage":"fr-FR","@id":"https:\/\/urbanana.su\/fr\/#\/schema\/logo\/image\/","url":"https:\/\/urbanana.su\/wp-content\/uploads\/2025\/01\/UA-Logo-Rec-Rounded-corner.png","contentUrl":"https:\/\/urbanana.su\/wp-content\/uploads\/2025\/01\/UA-Logo-Rec-Rounded-corner.png","width":218,"height":218,"caption":"UrbanAna"},"image":{"@id":"https:\/\/urbanana.su\/fr\/#\/schema\/logo\/image\/"},"sameAs":["https:\/\/www.facebook.com\/UrbanAnaHQ\/"]}]}},"_links":{"self":[{"href":"https:\/\/urbanana.su\/fr\/wp-json\/wp\/v2\/pages\/13974","targetHints":{"allow":["GET"]}}],"collection":[{"href":"https:\/\/urbanana.su\/fr\/wp-json\/wp\/v2\/pages"}],"about":[{"href":"https:\/\/urbanana.su\/fr\/wp-json\/wp\/v2\/types\/page"}],"author":[{"embeddable":true,"href":"https:\/\/urbanana.su\/fr\/wp-json\/wp\/v2\/users\/1"}],"replies":[{"embeddable":true,"href":"https:\/\/urbanana.su\/fr\/wp-json\/wp\/v2\/comments?post=13974"}],"version-history":[{"count":0,"href":"https:\/\/urbanana.su\/fr\/wp-json\/wp\/v2\/pages\/13974\/revisions"}],"wp:attachment":[{"href":"https:\/\/urbanana.su\/fr\/wp-json\/wp\/v2\/media?parent=13974"}],"curies":[{"name":"wp","href":"https:\/\/api.w.org\/{rel}","templated":true}]}}