{"id":13976,"date":"2025-01-17T04:40:57","date_gmt":"2025-01-17T04:40:57","guid":{"rendered":"https:\/\/urbanana.su\/sobre-nos\/"},"modified":"2025-01-17T14:58:40","modified_gmt":"2025-01-17T14:58:40","slug":"sobre-nos","status":"publish","type":"page","link":"https:\/\/urbanana.su\/pt\/sobre-nos\/","title":{"rendered":"Sobre n\u00f3s"},"content":{"rendered":"<div class=\"fusion-fullwidth fullwidth-box fusion-builder-row-1 fusion-flex-container nonhundred-percent-fullwidth non-hundred-percent-height-scrolling\" style=\"--awb-border-radius-top-left:0px;--awb-border-radius-top-right:0px;--awb-border-radius-bottom-right:0px;--awb-border-radius-bottom-left:0px;--awb-flex-wrap:wrap;\" ><div class=\"fusion-builder-row fusion-row fusion-flex-align-items-flex-start fusion-flex-content-wrap\" style=\"max-width:1497.6px;margin-left: calc(-4% \/ 2 );margin-right: calc(-4% \/ 2 );\"><div class=\"fusion-layout-column fusion_builder_column fusion-builder-column-0 fusion_builder_column_1_1 1_1 fusion-flex-column\" style=\"--awb-bg-size:cover;--awb-width-large:100%;--awb-margin-top-large:0px;--awb-spacing-right-large:1.92%;--awb-margin-bottom-large:20px;--awb-spacing-left-large:1.92%;--awb-width-medium:100%;--awb-order-medium:0;--awb-spacing-right-medium:1.92%;--awb-spacing-left-medium:1.92%;--awb-width-small:100%;--awb-order-small:0;--awb-spacing-right-small:1.92%;--awb-spacing-left-small:1.92%;\"><div class=\"fusion-column-wrapper fusion-column-has-shadow fusion-flex-justify-content-flex-start fusion-content-layout-column\"><div class=\"fusion-title title fusion-title-1 fusion-sep-none fusion-title-center fusion-title-text fusion-title-size-one\" style=\"--awb-margin-top-small:0px;--awb-margin-bottom-small:12px;\"><h1 class=\"fusion-title-heading title-heading-center fusion-responsive-typography-calculated\" style=\"margin:0;--fontSize:43.75;line-height:1.2;\"><h1 class=\"mb-4\">Eficiente, preciso, alegre<\/h1><\/h1><\/div><div class=\"fusion-text fusion-text-1\"><p style=\"text-align: center;\"><em>UrbanAna \u00e9 uma ferramenta de desenho 3D simples e divertida para arquitectos e urbanistas, criada por uma pequena equipa no Vietname.<\/em><\/p>\n<\/div><div class=\"fusion-image-element \" style=\"--awb-max-width:600px;--awb-caption-title-font-family:var(--h2_typography-font-family);--awb-caption-title-font-weight:var(--h2_typography-font-weight);--awb-caption-title-font-style:var(--h2_typography-font-style);--awb-caption-title-size:var(--h2_typography-font-size);--awb-caption-title-transform:var(--h2_typography-text-transform);--awb-caption-title-line-height:var(--h2_typography-line-height);--awb-caption-title-letter-spacing:var(--h2_typography-letter-spacing);\"><span class=\" fusion-imageframe imageframe-none imageframe-1 hover-type-none\" style=\"border-radius:10px;\"><img decoding=\"async\" width=\"2325\" height=\"1308\" title=\"Son Tran Ngoc\" src=\"https:\/\/urbanana.su\/wp-content\/uploads\/2025\/01\/Son-Tran-Ngoc.png\" data-orig-src=\"https:\/\/urbanana.su\/wp-content\/uploads\/2025\/01\/Son-Tran-Ngoc.png\" alt class=\"lazyload img-responsive wp-image-13776\" srcset=\"data:image\/svg+xml,%3Csvg%20xmlns%3D%27http%3A%2F%2Fwww.w3.org%2F2000%2Fsvg%27%20width%3D%272325%27%20height%3D%271308%27%20viewBox%3D%270%200%202325%201308%27%3E%3Crect%20width%3D%272325%27%20height%3D%271308%27%20fill-opacity%3D%220%22%2F%3E%3C%2Fsvg%3E\" data-srcset=\"https:\/\/urbanana.su\/wp-content\/uploads\/2025\/01\/Son-Tran-Ngoc-200x113.png 200w, https:\/\/urbanana.su\/wp-content\/uploads\/2025\/01\/Son-Tran-Ngoc-400x225.png 400w, https:\/\/urbanana.su\/wp-content\/uploads\/2025\/01\/Son-Tran-Ngoc-600x338.png 600w, https:\/\/urbanana.su\/wp-content\/uploads\/2025\/01\/Son-Tran-Ngoc-800x450.png 800w, https:\/\/urbanana.su\/wp-content\/uploads\/2025\/01\/Son-Tran-Ngoc-1200x675.png 1200w, https:\/\/urbanana.su\/wp-content\/uploads\/2025\/01\/Son-Tran-Ngoc.png 2325w\" data-sizes=\"auto\" data-orig-sizes=\"(max-width: 640px) 100vw, 2325px\" \/><\/span><\/div><\/div><\/div><div class=\"fusion-layout-column fusion_builder_column fusion-builder-column-1 fusion_builder_column_1_1 1_1 fusion-flex-column\" style=\"--awb-bg-size:cover;--awb-width-large:100%;--awb-margin-top-large:0px;--awb-spacing-right-large:1.92%;--awb-margin-bottom-large:0px;--awb-spacing-left-large:1.92%;--awb-width-medium:100%;--awb-spacing-right-medium:1.92%;--awb-spacing-left-medium:1.92%;--awb-width-small:100%;--awb-spacing-right-small:1.92%;--awb-spacing-left-small:1.92%;\"><div class=\"fusion-column-wrapper fusion-flex-justify-content-flex-start fusion-content-layout-column\"><div class=\"fusion-text fusion-text-2\"><p>O UrbanAna nasceu da necessidade. Sou Son Tran Ngoc, um arquiteto e urbanista, e durante anos passei horas intermin\u00e1veis no AutoCAD a compensar, a preencher e a contar manualmente as \u00e1reas dos lotes, a calcular a \u00c1rea Bruta de Constru\u00e7\u00e3o (ABF) e os R\u00e1cios de \u00c1rea de Constru\u00e7\u00e3o (RAF), apenas para reformular conceitos inteiros ap\u00f3s o feedback dos clientes. Era entediante, propenso a erros e deixava pouco tempo para o pensamento criativo &#8211; a parte que mais gosto no planeamento urbano. Percebi que tinha de haver uma forma melhor. Por isso, comecei a cri\u00e1-la. UrbanAna \u00e9 um esfor\u00e7o concentrado para simplificar o fluxo de trabalho dos arquitectos e urbanistas. O nosso software foi concebido para eliminar tarefas repetitivas, dando-te mais tempo para projetar e inovar. Acreditamos que as ferramentas devem ser intuitivas, r\u00e1pidas e integrar-se perfeitamente no teu fluxo criativo. \u00c9 por isso que o UrbanAna combina a automatiza\u00e7\u00e3o inteligente com a simplicidade, garantindo que cada funcionalidade faz exatamente aquilo de que necessita &#8211; nem mais, nem menos.<\/p>\n<\/div><div class=\"awb-gallery-wrapper awb-gallery-wrapper-1 button-span-no\" style=\"--more-btn-alignment:center;\"><div style=\"margin:-5px;--awb-bordersize:10px;--awb-caption-title-font-family:var(--awb-typography4-font-family);--awb-caption-title-font-weight:var(--awb-typography4-font-weight);--awb-caption-title-font-style:var(--awb-typography4-font-style);--awb-columns-medium:100%;--awb-columns-small:100%;\" class=\"fusion-gallery fusion-gallery-container fusion-grid-2 fusion-columns-total-2 fusion-gallery-layout-grid fusion-gallery-1\"><div style=\"padding:5px;\" class=\"fusion-grid-column fusion-gallery-column fusion-gallery-column-2 hover-type-none awb-imageframe-style awb-imageframe-style-below awb-imageframe-style-1\"><div class=\"fusion-gallery-image\"><a href=\"https:\/\/urbanana.su\/wp-content\/uploads\/2025\/01\/Sons-works.jpg\" data-title=\"Sons works\" title=\"Sons works\" rel=\"noreferrer\" data-rel=\"iLightbox[gallery_image_1]\" class=\"fusion-lightbox\" target=\"_self\"><img decoding=\"async\" src=\"https:\/\/urbanana.su\/wp-content\/uploads\/2025\/01\/Sons-works.jpg\" width=\"2329\" height=\"1311\" alt=\"\" title=\"Sons works\" aria-label=\"Sons works\" class=\"img-responsive wp-image-13781 fusion-gallery-image-size-fixed\" srcset=\"https:\/\/urbanana.su\/wp-content\/uploads\/2025\/01\/Sons-works-200x113.jpg 200w, https:\/\/urbanana.su\/wp-content\/uploads\/2025\/01\/Sons-works-400x225.jpg 400w, https:\/\/urbanana.su\/wp-content\/uploads\/2025\/01\/Sons-works-600x338.jpg 600w, https:\/\/urbanana.su\/wp-content\/uploads\/2025\/01\/Sons-works-800x450.jpg 800w, https:\/\/urbanana.su\/wp-content\/uploads\/2025\/01\/Sons-works-1200x675.jpg 1200w, https:\/\/urbanana.su\/wp-content\/uploads\/2025\/01\/Sons-works.jpg 2329w\" sizes=\"(min-width: 2200px) 100vw, (min-width: 712px) 784px, (min-width: 640px) 712px, \" \/><\/a><\/div><div class=\"awb-imageframe-caption-container\"><div class=\"awb-imageframe-caption\"><div class=\"awb-imageframe-caption-title\">Uma sele\u00e7\u00e3o dos meus trabalhos de 5 anos de arquitetura e planeamento urbano.<\/div><\/div><\/div><\/div><div style=\"padding:5px;\" class=\"fusion-grid-column fusion-gallery-column fusion-gallery-column-2 hover-type-none awb-imageframe-style awb-imageframe-style-below awb-imageframe-style-1\"><div class=\"fusion-gallery-image\"><a href=\"https:\/\/urbanana.su\/wp-content\/uploads\/2025\/01\/chrome_wFG25RKiI8-scaled.jpg\" data-title=\"chrome_wFG25RKiI8\" title=\"chrome_wFG25RKiI8\" rel=\"noreferrer\" data-rel=\"iLightbox[gallery_image_1]\" class=\"fusion-lightbox\" target=\"_self\"><img decoding=\"async\" src=\"https:\/\/urbanana.su\/wp-content\/uploads\/2025\/01\/chrome_wFG25RKiI8-scaled.jpg\" width=\"2560\" height=\"1440\" alt=\"\" title=\"chrome_wFG25RKiI8\" aria-label=\"chrome_wFG25RKiI8\" class=\"img-responsive wp-image-13807 fusion-gallery-image-size-fixed\" srcset=\"https:\/\/urbanana.su\/wp-content\/uploads\/2025\/01\/chrome_wFG25RKiI8-200x112.jpg 200w, https:\/\/urbanana.su\/wp-content\/uploads\/2025\/01\/chrome_wFG25RKiI8-400x225.jpg 400w, https:\/\/urbanana.su\/wp-content\/uploads\/2025\/01\/chrome_wFG25RKiI8-600x337.jpg 600w, https:\/\/urbanana.su\/wp-content\/uploads\/2025\/01\/chrome_wFG25RKiI8-800x450.jpg 800w, https:\/\/urbanana.su\/wp-content\/uploads\/2025\/01\/chrome_wFG25RKiI8-1200x675.jpg 1200w, https:\/\/urbanana.su\/wp-content\/uploads\/2025\/01\/chrome_wFG25RKiI8-scaled.jpg 2560w\" sizes=\"(min-width: 2200px) 100vw, (min-width: 712px) 784px, (min-width: 640px) 712px, \" \/><\/a><\/div><div class=\"awb-imageframe-caption-container\"><div class=\"awb-imageframe-caption\"><div class=\"awb-imageframe-caption-title\">chrome_wFG25RKiI8<\/div><p class=\"awb-imageframe-caption-text\">Took me weeks to offset, fillet and then itilerating a brand new different concept after feedback from client<\/p><\/div><\/div><\/div><div class=\"clearfix\"><\/div><\/div><\/div><div class=\"fusion-text fusion-text-3\"><h3>A nossa miss\u00e3o<\/h3>\n<p>Capacitar arquitectos e urbanistas com ferramentas eficientes, precisas e agrad\u00e1veis de utilizar, libertando o teu tempo para o que realmente importa: construir melhores cidades.<\/p>\n<h3>A nossa viagem<\/h3>\n<p>O UrbanAna \u00e9 o resultado da paix\u00e3o e da resolu\u00e7\u00e3o incans\u00e1vel de problemas, criado por uma pequena equipa que conhece os desafios que enfrentas porque j\u00e1 pass\u00e1mos por isso. Cada atualiza\u00e7\u00e3o \u00e9 informada pelo feedback real de utilizadores como tu, e estamos empenhados em fazer do UrbanAna o melhor companheiro para os teus projectos de design. Esperamos que gostes tanto de usar o UrbanAna como n\u00f3s gost\u00e1mos de o construir. &#8211; Son Tran Ngoc<br \/>\nFundador do UrbanAna, Arquiteto, Urbanista<\/p>\n<\/div><\/div><\/div><\/div><\/div>\n","protected":false},"excerpt":{"rendered":"","protected":false},"author":1,"featured_media":0,"parent":0,"menu_order":0,"comment_status":"closed","ping_status":"closed","template":"100-width.php","meta":{"_acf_changed":false,"footnotes":""},"class_list":["post-13976","page","type-page","status-publish","hentry"],"acf":[],"yoast_head":"<!-- This site is optimized with the Yoast SEO Premium plugin v24.2 (Yoast SEO v27.5) - https:\/\/yoast.com\/product\/yoast-seo-premium-wordpress\/ -->\n<title>Sobre n\u00f3s - UrbanAna<\/title>\n<meta name=\"robots\" content=\"index, follow, max-snippet:-1, max-image-preview:large, max-video-preview:-1\" \/>\n<link rel=\"canonical\" href=\"https:\/\/urbanana.su\/pt\/sobre-nos\/\" \/>\n<meta property=\"og:locale\" content=\"pt_PT\" \/>\n<meta property=\"og:type\" content=\"article\" \/>\n<meta property=\"og:title\" content=\"Sobre n\u00f3s\" \/>\n<meta property=\"og:url\" content=\"https:\/\/urbanana.su\/pt\/sobre-nos\/\" \/>\n<meta property=\"og:site_name\" content=\"UrbanAna\" \/>\n<meta property=\"article:publisher\" content=\"https:\/\/www.facebook.com\/UrbanAnaHQ\/\" \/>\n<meta property=\"article:modified_time\" content=\"2025-01-17T14:58:40+00:00\" \/>\n<meta name=\"twitter:card\" content=\"summary_large_image\" \/>\n<meta name=\"twitter:label1\" content=\"Est. reading time\" \/>\n\t<meta name=\"twitter:data1\" content=\"6 minutos\" \/>\n<script type=\"application\/ld+json\" class=\"yoast-schema-graph\">{\"@context\":\"https:\\\/\\\/schema.org\",\"@graph\":[{\"@type\":\"WebPage\",\"@id\":\"https:\\\/\\\/urbanana.su\\\/pt\\\/sobre-nos\\\/\",\"url\":\"https:\\\/\\\/urbanana.su\\\/pt\\\/sobre-nos\\\/\",\"name\":\"Sobre n\u00f3s - UrbanAna\",\"isPartOf\":{\"@id\":\"https:\\\/\\\/urbanana.su\\\/pt\\\/#website\"},\"datePublished\":\"2025-01-17T04:40:57+00:00\",\"dateModified\":\"2025-01-17T14:58:40+00:00\",\"breadcrumb\":{\"@id\":\"https:\\\/\\\/urbanana.su\\\/pt\\\/sobre-nos\\\/#breadcrumb\"},\"inLanguage\":\"pt-AO\",\"potentialAction\":[{\"@type\":\"ReadAction\",\"target\":[\"https:\\\/\\\/urbanana.su\\\/pt\\\/sobre-nos\\\/\"]}]},{\"@type\":\"BreadcrumbList\",\"@id\":\"https:\\\/\\\/urbanana.su\\\/pt\\\/sobre-nos\\\/#breadcrumb\",\"itemListElement\":[{\"@type\":\"ListItem\",\"position\":1,\"name\":\"Casa\",\"item\":\"https:\\\/\\\/urbanana.su\\\/pt\\\/pagina-inicial\\\/\"},{\"@type\":\"ListItem\",\"position\":2,\"name\":\"Sobre n\u00f3s\"}]},{\"@type\":\"WebSite\",\"@id\":\"https:\\\/\\\/urbanana.su\\\/pt\\\/#website\",\"url\":\"https:\\\/\\\/urbanana.su\\\/pt\\\/\",\"name\":\"UrbanAna\",\"description\":\"Urban Planning &amp; Design Software\",\"publisher\":{\"@id\":\"https:\\\/\\\/urbanana.su\\\/pt\\\/#organization\"},\"potentialAction\":[{\"@type\":\"SearchAction\",\"target\":{\"@type\":\"EntryPoint\",\"urlTemplate\":\"https:\\\/\\\/urbanana.su\\\/pt\\\/?s={search_term_string}\"},\"query-input\":{\"@type\":\"PropertyValueSpecification\",\"valueRequired\":true,\"valueName\":\"search_term_string\"}}],\"inLanguage\":\"pt-AO\"},{\"@type\":\"Organization\",\"@id\":\"https:\\\/\\\/urbanana.su\\\/pt\\\/#organization\",\"name\":\"UrbanAna\",\"url\":\"https:\\\/\\\/urbanana.su\\\/pt\\\/\",\"logo\":{\"@type\":\"ImageObject\",\"inLanguage\":\"pt-AO\",\"@id\":\"https:\\\/\\\/urbanana.su\\\/pt\\\/#\\\/schema\\\/logo\\\/image\\\/\",\"url\":\"https:\\\/\\\/urbanana.su\\\/wp-content\\\/uploads\\\/2025\\\/01\\\/UA-Logo-Rec-Rounded-corner.png\",\"contentUrl\":\"https:\\\/\\\/urbanana.su\\\/wp-content\\\/uploads\\\/2025\\\/01\\\/UA-Logo-Rec-Rounded-corner.png\",\"width\":218,\"height\":218,\"caption\":\"UrbanAna\"},\"image\":{\"@id\":\"https:\\\/\\\/urbanana.su\\\/pt\\\/#\\\/schema\\\/logo\\\/image\\\/\"},\"sameAs\":[\"https:\\\/\\\/www.facebook.com\\\/UrbanAnaHQ\\\/\"]}]}<\/script>\n<!-- \/ Yoast SEO Premium plugin. -->","yoast_head_json":{"title":"Sobre n\u00f3s - UrbanAna","robots":{"index":"index","follow":"follow","max-snippet":"max-snippet:-1","max-image-preview":"max-image-preview:large","max-video-preview":"max-video-preview:-1"},"canonical":"https:\/\/urbanana.su\/pt\/sobre-nos\/","og_locale":"pt_PT","og_type":"article","og_title":"Sobre n\u00f3s","og_url":"https:\/\/urbanana.su\/pt\/sobre-nos\/","og_site_name":"UrbanAna","article_publisher":"https:\/\/www.facebook.com\/UrbanAnaHQ\/","article_modified_time":"2025-01-17T14:58:40+00:00","twitter_card":"summary_large_image","twitter_misc":{"Est. reading time":"6 minutos"},"schema":{"@context":"https:\/\/schema.org","@graph":[{"@type":"WebPage","@id":"https:\/\/urbanana.su\/pt\/sobre-nos\/","url":"https:\/\/urbanana.su\/pt\/sobre-nos\/","name":"Sobre n\u00f3s - UrbanAna","isPartOf":{"@id":"https:\/\/urbanana.su\/pt\/#website"},"datePublished":"2025-01-17T04:40:57+00:00","dateModified":"2025-01-17T14:58:40+00:00","breadcrumb":{"@id":"https:\/\/urbanana.su\/pt\/sobre-nos\/#breadcrumb"},"inLanguage":"pt-AO","potentialAction":[{"@type":"ReadAction","target":["https:\/\/urbanana.su\/pt\/sobre-nos\/"]}]},{"@type":"BreadcrumbList","@id":"https:\/\/urbanana.su\/pt\/sobre-nos\/#breadcrumb","itemListElement":[{"@type":"ListItem","position":1,"name":"Casa","item":"https:\/\/urbanana.su\/pt\/pagina-inicial\/"},{"@type":"ListItem","position":2,"name":"Sobre n\u00f3s"}]},{"@type":"WebSite","@id":"https:\/\/urbanana.su\/pt\/#website","url":"https:\/\/urbanana.su\/pt\/","name":"UrbanAna","description":"Urban Planning &amp; Design Software","publisher":{"@id":"https:\/\/urbanana.su\/pt\/#organization"},"potentialAction":[{"@type":"SearchAction","target":{"@type":"EntryPoint","urlTemplate":"https:\/\/urbanana.su\/pt\/?s={search_term_string}"},"query-input":{"@type":"PropertyValueSpecification","valueRequired":true,"valueName":"search_term_string"}}],"inLanguage":"pt-AO"},{"@type":"Organization","@id":"https:\/\/urbanana.su\/pt\/#organization","name":"UrbanAna","url":"https:\/\/urbanana.su\/pt\/","logo":{"@type":"ImageObject","inLanguage":"pt-AO","@id":"https:\/\/urbanana.su\/pt\/#\/schema\/logo\/image\/","url":"https:\/\/urbanana.su\/wp-content\/uploads\/2025\/01\/UA-Logo-Rec-Rounded-corner.png","contentUrl":"https:\/\/urbanana.su\/wp-content\/uploads\/2025\/01\/UA-Logo-Rec-Rounded-corner.png","width":218,"height":218,"caption":"UrbanAna"},"image":{"@id":"https:\/\/urbanana.su\/pt\/#\/schema\/logo\/image\/"},"sameAs":["https:\/\/www.facebook.com\/UrbanAnaHQ\/"]}]}},"_links":{"self":[{"href":"https:\/\/urbanana.su\/pt\/wp-json\/wp\/v2\/pages\/13976","targetHints":{"allow":["GET"]}}],"collection":[{"href":"https:\/\/urbanana.su\/pt\/wp-json\/wp\/v2\/pages"}],"about":[{"href":"https:\/\/urbanana.su\/pt\/wp-json\/wp\/v2\/types\/page"}],"author":[{"embeddable":true,"href":"https:\/\/urbanana.su\/pt\/wp-json\/wp\/v2\/users\/1"}],"replies":[{"embeddable":true,"href":"https:\/\/urbanana.su\/pt\/wp-json\/wp\/v2\/comments?post=13976"}],"version-history":[{"count":0,"href":"https:\/\/urbanana.su\/pt\/wp-json\/wp\/v2\/pages\/13976\/revisions"}],"wp:attachment":[{"href":"https:\/\/urbanana.su\/pt\/wp-json\/wp\/v2\/media?parent=13976"}],"curies":[{"name":"wp","href":"https:\/\/api.w.org\/{rel}","templated":true}]}}