{"id":19503,"date":"2025-03-04T11:45:21","date_gmt":"2025-03-04T11:45:21","guid":{"rendered":"https:\/\/urbanana.su\/nhat-ky-cap-nhat\/"},"modified":"2025-03-04T15:30:00","modified_gmt":"2025-03-04T15:30:00","slug":"nhat-ky-cap-nhat","status":"publish","type":"page","link":"https:\/\/urbanana.su\/vi\/nhat-ky-cap-nhat\/","title":{"rendered":"Nh\u1eadt k\u00fd c\u1eadp nh\u1eadt"},"content":{"rendered":"<div class=\"fusion-fullwidth fullwidth-box fusion-builder-row-1 fusion-flex-container has-pattern-background has-mask-background nonhundred-percent-fullwidth non-hundred-percent-height-scrolling\" style=\"--awb-border-radius-top-left:0px;--awb-border-radius-top-right:0px;--awb-border-radius-bottom-right:0px;--awb-border-radius-bottom-left:0px;--awb-margin-bottom:3rem;--awb-flex-wrap:wrap;\" ><div class=\"fusion-builder-row fusion-row fusion-flex-align-items-flex-start fusion-flex-content-wrap\" style=\"max-width:1497.6px;margin-left: calc(-4% \/ 2 );margin-right: calc(-4% \/ 2 );\"><div class=\"fusion-layout-column fusion_builder_column fusion-builder-column-0 fusion_builder_column_1_1 1_1 fusion-flex-column\" style=\"--awb-bg-size:cover;--awb-width-large:100%;--awb-margin-top-large:0px;--awb-spacing-right-large:1.92%;--awb-margin-bottom-large:3rem;--awb-spacing-left-large:1.92%;--awb-width-medium:100%;--awb-order-medium:0;--awb-spacing-right-medium:1.92%;--awb-spacing-left-medium:1.92%;--awb-width-small:100%;--awb-order-small:0;--awb-spacing-right-small:1.92%;--awb-spacing-left-small:1.92%;\" data-scroll-devices=\"small-visibility,medium-visibility,large-visibility\"><div class=\"fusion-column-wrapper fusion-column-has-shadow fusion-flex-justify-content-flex-start fusion-content-layout-column\"><nav class=\"fusion-breadcrumbs awb-yoast-breadcrumbs fusion-breadcrumbs-1\" style=\"--awb-margin-bottom:1rem;--awb-font-size:1rem;--awb-breadcrumb-sep:&#039;&gt;&#039;;\" aria-label=\"Breadcrumb\"><span><span><a href=\"https:\/\/urbanana.su\/vi\/trang-chu-moi\/\">Trang ch\u1ee7<\/a><\/span><\/span><\/nav><div class=\"fusion-title title fusion-title-1 fusion-sep-none fusion-title-center fusion-title-text fusion-title-size-one\" style=\"--awb-margin-top-small:0px;--awb-margin-bottom-small:12px;--awb-font-size:var(--awb-typography1-font-size);\"><h1 class=\"fusion-title-heading title-heading-center fusion-responsive-typography-calculated\" style=\"font-family:var(--awb-typography1-font-family);font-weight:var(--awb-typography1-font-weight);font-style:var(--awb-typography1-font-style);margin:0;letter-spacing:var(--awb-typography1-letter-spacing);text-transform:var(--awb-typography1-text-transform);font-size:1em;--fontSize:52.5;line-height:1.17;\">Nh\u1eadt k\u00fd c\u1eadp nh\u1eadt UrbanAna<\/h1><\/div><\/div><\/div><div class=\"fusion-layout-column fusion_builder_column fusion-builder-column-1 fusion_builder_column_2_3 2_3 fusion-flex-column\" style=\"--awb-bg-blend:overlay;--awb-bg-size:cover;--awb-width-large:66.666666666667%;--awb-margin-top-large:0px;--awb-spacing-right-large:3.84%;--awb-margin-bottom-large:0px;--awb-spacing-left-large:2.88%;--awb-width-medium:66.666666666667%;--awb-spacing-right-medium:3.84%;--awb-spacing-left-medium:2.88%;--awb-width-small:100%;--awb-spacing-right-small:1.92%;--awb-spacing-left-small:1.92%;\"><div class=\"fusion-column-wrapper fusion-flex-justify-content-flex-start fusion-content-layout-column\"><div class=\"fusion-text fusion-text-1\"><p>UrbanAna li\u00ean t\u1ee5c \u0111\u01b0\u1ee3c c\u1eadp nh\u1eadt v\u1edbi c\u00e1c t\u00ednh n\u0103ng m\u1edbi v\u00e0 \u0111i\u1ec1u ch\u1ec9nh. B\u1ea1n lu\u00f4n c\u00f3 th\u1ec3 xem th\u00f4ng tin c\u1eadp nh\u1eadt m\u1edbi nh\u1ea5t trong t\u1ec7p changelog.txt n\u1eb1m trong file RBZ c\u1ee7a UrbanAna. B\u1ea1n c\u0169ng c\u00f3 th\u1ec3 xem \u0111\u1ea7y \u0111\u1ee7 l\u1ecbch s\u1eed thay \u0111\u1ed5i b\u00ean d\u01b0\u1edbi.  <\/p>\n<p>\u0110\u1ed1i v\u1edbi thi\u1ebft b\u1ecb di \u0111\u1ed9ng, nh\u1eadt k\u00fd c\u1eadp nh\u1eadt <a href=\"https:\/\/urbanana.su\/urbanana\/rbz\/changelog.txt\" target=\"_blank\" rel=\"noopener\">m\u1edf trong tab m\u1edbi<\/a> s\u1ebd thu\u1eadn ti\u1ec7n h\u01a1n.<\/p>\n<\/div><div class=\"fusion-text fusion-text-2\"><div class=\"txt-preview-container\"><pre>-----------------------------------------------------------------------------------\nVersion 1.8 - [06\/05\/2025]\n-----------------------------------------------------------------------------------\n\nExport:\n- MAIN FUNCTIONS: Export to CAD (DXF file) functionality for exchanging UrbanA data with CAD applications.\n\nUPDATE: (1.8.1 - 1.8.2): Fix export dxf with Unicode in UA objects&#039; name. HUD Overlay for SU &gt;= 2023.\n-----------------------------------------------------------------------------------\nVersion 1.7 - [04\/04\/2025]\n-----------------------------------------------------------------------------------\n\nStreet:\n- MAIN FUNCTIONS: Create and customize roundabouts at street intersections.\n- ENHANCEMENT: Press tab when using draw street tool to access angle measurement (Protractor).\n- ENHANCEMENT: Improved performance of street tools.\n- FIXED: Fix bug when Undo\/Redo drawing street.\n- FIXED: Fix missing saved custom Street types when load from skp.\n\nUI\/UX:\n- MAIN FUNCTIONS: Provide selection tool to better select UA objects, starting with Street Node.\n\nUPDATE: (1.7.1 - 1.7.3): Improve performance of street tools, fix bug when Undo\/Redo drawing street. Fix missing saved custom Street types when load from skp.\n\n-----------------------------------------------------------------------------------\nVersion 1.6 - [03\/03\/2025]\n-----------------------------------------------------------------------------------\n\nBuilding, Block:\n- MAIN FUNCTIONS: Hierarchy Data Structure: Introduced a hierarchical data structure with Project at the top, flowing down to Blocks, then Buildings.\n- ENHANCEMENT: Add parameter Name for tagging in Excel export.\n\nLicense:\n- MAIN FUNCTIONS: Implement licensing method of RubyEncoder to fix license checking on Mac OS.\n\nStreet:\n- FIXED: Resolve street node comparison errors.\n- FIXED: Fix issues when drawing straight street connect curved streets.\n\nSystem:\n- FIXED: Resolve issues with the selection observer when tools quit unexpectedly.\n\n-----------------------------------------------------------------------------------\nVersion 1.5 - [15\/01\/2025]\n-----------------------------------------------------------------------------------\n\nStreet:\n- MAIN FUNCTIONS: Announce curve radius via Width2CurbRadius.\n- ENHANCEMENT: Display street tooltip (eg: 3-7-3)\n\nReport:\n- MAIN FUNCTIONS: Imperial unit with Preference unit (m, ft) setting implementation.\n\nUI\/UX:\n- FIXED: Fix empty hash JSON affecting Pin and Width2CurbRadius.\n\n-----------------------------------------------------------------------------------\nVersion 1.4 - [24\/12\/2024]\n-----------------------------------------------------------------------------------\n\nUI\/UX:\n- MAIN FUNCTIONS: Support for Chinese and Vietnamese languages.\n\nStreet:\n- ENHANCEMENT: Pre-create layers for streets.\n\nLicense:\n- ENHANCEMENT: Verify certificates and signatures for expiration.\n- FIXED: Resolve startup issues on macOS Sonoma.\n\n-----------------------------------------------------------------------------------\nVersion 1.3.1 - 1.3.4 - [29\/10\/2024]\n-----------------------------------------------------------------------------------\n\nStreet:\n- ENHANCEMENT: Enable snapping to guides.\n\nLicense:\n- FIXED: Fix license activation on Chinese username machine.\n\nStreet:\n- FIXED: Address issues with the move tool regenerating.\n\nBlock:\n- FIXED: Handle block group explode issues.\n- FIXED: Scaled block correct calculation.\n\nBuilding:\n- FIXED: Ensure recalculation should not delete buildings.\n\n-----------------------------------------------------------------------------------\nVersion 1.3 - [20\/10\/2024]\n-----------------------------------------------------------------------------------\n\nStreet:\n- MAIN FUNCTIONS: Street tools: Draw, Move, Curve.\n- MAIN FUNCTIONS: Tool Cleanup streets.\n- MAIN FUNCTIONS: Tool Redraw streets.\n- MAIN FUNCTIONS: Draw road with radius = 0.\n- ENHANCEMENT: Sketchup Scale works with streets.\n- ENHANCEMENT: Draw street snap to guideline.\n- ENHANCEMENT: Move Attribute Node from model to UrbanA for model upgrades.\n- ENHANCEMENT: Hide street intersection lines.\n- ENHANCEMENT: Snapper only snaps to center line, not geometries.\n- ENHANCEMENT: Hide center line at intersections, except for End transition.\n- FIXED: Curve tool error when working with scaled curved streets.\n\nBuilding:\n- ENHANCEMENT: Buildings Options by layers.\n\nUI\/UX:\n- ENHANCEMENT: HUD pin toggle and default settings for Building, Block.\n\nLicense:\n- ENHANCEMENT: No email required for activation.\n\n-----------------------------------------------------------------------------------\nVersion 1.2 - [30\/06\/2024]\n-----------------------------------------------------------------------------------\n\nReport:\n- MAIN FUNCTIONS: Export to Excel.\n\n-----------------------------------------------------------------------------------\nVersion 1.1 - [19\/06\/2024]\n-----------------------------------------------------------------------------------\n\nUI\/UX:\n- MAIN FUNCTIONS: Relead button to recalculate and regenerate all data.\n- MAIN FUNCTIONS: Quick Pin Urban Metrics HUD style in viewport.\n- FIXED: Corrected button icon display in UI\/UX module.\n\nStreet:\n- FIXED: Resolved issue with face creation due to streets not coplanar.\n- FIXED: Corrected street width and block perimeter.\n- FIXED: Edit Building Tool update the metrics.\n- FIXED: Resolved streets created by seleted both faces and edges.\n- FIXED: Edit building ground floor Mode works with Undo.\n\nBlock:\n- ENHANCEMENT: Removed blocks without operations in Block module.\n- ENHANCEMENT: Linked Street:Block with Block module.\n- FIXED: Recalculate when all Sketchup objects are deleted.\n\n-----------------------------------------------------------------------------------\nVersion 1.0.0 - 1.0.3 - [01\/06\/2024]\n-----------------------------------------------------------------------------------\n\nSystem:\n- FIXED: Introduce Appdata path.\n- FIXED: Repackaged RubyZip in UrbanA module.\n\nStreet, Building:\n- FIXED: Resolved undo\/redo issue with building and street.<\/pre><\/div>\n<\/div><\/div><\/div><div class=\"fusion-layout-column fusion_builder_column fusion-builder-column-2 awb-sticky awb-sticky-medium awb-sticky-large fusion_builder_column_1_3 1_3 fusion-flex-column fusion-flex-align-self-flex-start\" style=\"--awb-padding-top:1rem;--awb-padding-right:3rem;--awb-padding-bottom:1rem;--awb-padding-left:3rem;--awb-padding-right-small:10px;--awb-padding-left-small:10px;--awb-overflow:hidden;--awb-bg-position:center center;--awb-bg-blend:lighten;--awb-bg-size:cover;--awb-border-color:var(--awb-color5);--awb-border-top:1px;--awb-border-right:1px;--awb-border-bottom:1px;--awb-border-left:1px;--awb-border-style:solid;--awb-border-radius:10px 10px 10px 10px;--awb-width-large:33.333333333333%;--awb-margin-top-large:0px;--awb-spacing-right-large:5.76%;--awb-margin-bottom-large:20px;--awb-spacing-left-large:4.32%;--awb-width-medium:33.333333333333%;--awb-order-medium:2;--awb-spacing-right-medium:0%;--awb-spacing-left-medium:0%;--awb-width-small:100%;--awb-order-small:1;--awb-spacing-right-small:1.92%;--awb-spacing-left-small:1.92%;\" data-scroll-devices=\"small-visibility,medium-visibility,large-visibility\"><div class=\"fusion-column-wrapper fusion-column-has-shadow fusion-flex-justify-content-space-around fusion-content-layout-column\"><div class=\"fusion-title title fusion-title-2 fusion-sep-none fusion-title-text fusion-title-size-two\" style=\"--awb-text-color:var(--awb-color5);--awb-margin-bottom:-5rem;--awb-margin-top-small:0px;--awb-margin-bottom-small:-5rem;--awb-margin-bottom-medium:-5rem;--awb-font-size:2rem;\"><h2 class=\"fusion-title-heading title-heading-left fusion-responsive-typography-calculated\" style=\"font-family:var(--awb-typography2-font-family);font-weight:var(--awb-typography2-font-weight);font-style:var(--awb-typography2-font-style);margin:0;letter-spacing:var(--awb-typography2-letter-spacing);text-transform:none;font-size:1em;--fontSize:35;line-height:1.25;\"><div style=\"text-align: right; padding-left: 100px;\">\n<p style=\"text-align: right;\">Boost Your<br \/>\nUrban Planning &amp; Design by 5x<\/p>\n<\/div><\/h2><\/div><div class=\"fusion-image-element \" style=\"--awb-caption-title-font-family:var(--h2_typography-font-family);--awb-caption-title-font-weight:var(--h2_typography-font-weight);--awb-caption-title-font-style:var(--h2_typography-font-style);--awb-caption-title-size:var(--h2_typography-font-size);--awb-caption-title-transform:var(--h2_typography-text-transform);--awb-caption-title-line-height:var(--h2_typography-line-height);--awb-caption-title-letter-spacing:var(--h2_typography-letter-spacing);\"><span class=\" fusion-imageframe imageframe-none imageframe-1 hover-type-none\" style=\"border-radius:10px;\"><img decoding=\"async\" width=\"636\" height=\"619\" alt=\"UrbanAna featured image\" title=\"hero\" src=\"https:\/\/urbanana.su\/wp-content\/uploads\/2025\/01\/hero.png\" data-orig-src=\"https:\/\/urbanana.su\/wp-content\/uploads\/2025\/01\/hero.png\" class=\"lazyload img-responsive wp-image-12866\" srcset=\"data:image\/svg+xml,%3Csvg%20xmlns%3D%27http%3A%2F%2Fwww.w3.org%2F2000%2Fsvg%27%20width%3D%27636%27%20height%3D%27619%27%20viewBox%3D%270%200%20636%20619%27%3E%3Crect%20width%3D%27636%27%20height%3D%27619%27%20fill-opacity%3D%220%22%2F%3E%3C%2Fsvg%3E\" data-srcset=\"https:\/\/urbanana.su\/wp-content\/uploads\/2025\/01\/hero-200x195.png 200w, https:\/\/urbanana.su\/wp-content\/uploads\/2025\/01\/hero-400x389.png 400w, https:\/\/urbanana.su\/wp-content\/uploads\/2025\/01\/hero-600x584.png 600w, https:\/\/urbanana.su\/wp-content\/uploads\/2025\/01\/hero.png 636w\" data-sizes=\"auto\" data-orig-sizes=\"(max-width: 640px) 100vw, 600px\" \/><\/span><\/div><ul style=\"--awb-line-height:29.75px;--awb-icon-width:29.75px;--awb-icon-height:29.75px;--awb-icon-margin:12.25px;--awb-content-margin:42px;\" class=\"fusion-checklist fusion-checklist-1 fusion-checklist-default type-icons\"><li class=\"fusion-li-item\" style=\"\"><span class=\"icon-wrapper circle-no\"><i class=\"fusion-li-icon awb-icon-check\" aria-hidden=\"true\"><\/i><\/span><div class=\"fusion-li-item-content\"><strong>Fast:<\/strong> Save time<\/div><\/li><li class=\"fusion-li-item\" style=\"\"><span class=\"icon-wrapper circle-no\"><i class=\"fusion-li-icon awb-icon-check\" aria-hidden=\"true\"><\/i><\/span><div class=\"fusion-li-item-content\">\n<p><strong>Accurate:<\/strong> Ensure precision<\/p>\n<\/div><\/li><li class=\"fusion-li-item\" style=\"\"><span class=\"icon-wrapper circle-no\"><i class=\"fusion-li-icon awb-icon-check\" aria-hidden=\"true\"><\/i><\/span><div class=\"fusion-li-item-content\">\n<p><strong>Simple:<\/strong> Easy to use<\/p>\n<\/div><\/li><li class=\"fusion-li-item\" style=\"\"><span class=\"icon-wrapper circle-no\"><i class=\"fusion-li-icon awb-icon-check\" aria-hidden=\"true\"><\/i><\/span><div class=\"fusion-li-item-content\">\n<p><strong>Automated:<\/strong> Fewer errors<\/p>\n<\/div><\/li><li class=\"fusion-li-item\" style=\"\"><span class=\"icon-wrapper circle-no\"><i class=\"fusion-li-icon awb-icon-check\" aria-hidden=\"true\"><\/i><\/span><div class=\"fusion-li-item-content\"><strong>Versatile:\u00a0<\/strong>For any project<\/div><\/li><\/ul><div style=\"text-align:left;\"><a class=\"fusion-button button-flat button-medium button-custom fusion-button-default button-1 fusion-button-default-span fusion-button-default-type\" style=\"--button_accent_color:var(--awb-color1);--button_accent_hover_color:var(--awb-color1);--button_border_hover_color:var(--awb-color1);--button_gradient_top_color:var(--awb-color5);--button_gradient_bottom_color:var(--awb-color5);--button_gradient_top_color_hover:#005ce8;--button_gradient_bottom_color_hover:#005ce8;--button_typography-letter-spacing:0.05em;--button_margin-top:3rem;width:calc(100%);\" target=\"_self\" href=\"https:\/\/urbanana.su\/urbanana\/rbz\"><i class=\"fa-arrow-alt-circle-down fas awb-button__icon awb-button__icon--default button-icon-left\" aria-hidden=\"true\"><\/i><span class=\"fusion-button-text awb-button__text awb-button__text--default\">Download for Sketchup (\u2265 21)<\/span><\/a><\/div><\/div><\/div>\n<\/div><\/div>\n","protected":false},"excerpt":{"rendered":"","protected":false},"author":1,"featured_media":0,"parent":0,"menu_order":0,"comment_status":"closed","ping_status":"closed","template":"100-width.php","meta":{"_acf_changed":false,"footnotes":""},"class_list":["post-19503","page","type-page","status-publish","hentry"],"acf":[],"yoast_head":"<!-- This site is optimized with the Yoast SEO Premium plugin v24.2 (Yoast SEO v27.6) - https:\/\/yoast.com\/product\/yoast-seo-premium-wordpress\/ -->\n<title>Nh\u1eadt k\u00fd c\u1eadp nh\u1eadt - UrbanAna<\/title>\n<meta name=\"robots\" content=\"index, follow, max-snippet:-1, max-image-preview:large, max-video-preview:-1\" \/>\n<link rel=\"canonical\" href=\"https:\/\/urbanana.su\/vi\/nhat-ky-cap-nhat\/\" \/>\n<meta property=\"og:locale\" content=\"vi_VN\" \/>\n<meta property=\"og:type\" content=\"article\" \/>\n<meta property=\"og:title\" content=\"Nh\u1eadt k\u00fd c\u1eadp nh\u1eadt\" \/>\n<meta property=\"og:url\" content=\"https:\/\/urbanana.su\/vi\/nhat-ky-cap-nhat\/\" \/>\n<meta property=\"og:site_name\" content=\"UrbanAna\" \/>\n<meta property=\"article:publisher\" content=\"https:\/\/www.facebook.com\/UrbanAnaHQ\/\" \/>\n<meta property=\"article:modified_time\" content=\"2025-03-04T15:30:00+00:00\" \/>\n<meta name=\"twitter:card\" content=\"summary_large_image\" \/>\n<meta name=\"twitter:label1\" content=\"Est. reading time\" \/>\n\t<meta name=\"twitter:data1\" content=\"5 minutes\" \/>\n<script type=\"application\/ld+json\" class=\"yoast-schema-graph\">{\"@context\":\"https:\\\/\\\/schema.org\",\"@graph\":[{\"@type\":\"WebPage\",\"@id\":\"https:\\\/\\\/urbanana.su\\\/vi\\\/nhat-ky-cap-nhat\\\/\",\"url\":\"https:\\\/\\\/urbanana.su\\\/vi\\\/nhat-ky-cap-nhat\\\/\",\"name\":\"Nh\u1eadt k\u00fd c\u1eadp nh\u1eadt - UrbanAna\",\"isPartOf\":{\"@id\":\"https:\\\/\\\/urbanana.su\\\/vi\\\/#website\"},\"datePublished\":\"2025-03-04T11:45:21+00:00\",\"dateModified\":\"2025-03-04T15:30:00+00:00\",\"breadcrumb\":{\"@id\":\"https:\\\/\\\/urbanana.su\\\/vi\\\/nhat-ky-cap-nhat\\\/#breadcrumb\"},\"inLanguage\":\"vi-VN\",\"potentialAction\":[{\"@type\":\"ReadAction\",\"target\":[\"https:\\\/\\\/urbanana.su\\\/vi\\\/nhat-ky-cap-nhat\\\/\"]}]},{\"@type\":\"BreadcrumbList\",\"@id\":\"https:\\\/\\\/urbanana.su\\\/vi\\\/nhat-ky-cap-nhat\\\/#breadcrumb\",\"itemListElement\":[{\"@type\":\"ListItem\",\"position\":1,\"name\":\"Trang ch\u1ee7\",\"item\":\"https:\\\/\\\/urbanana.su\\\/vi\\\/trang-chu-moi\\\/\"},{\"@type\":\"ListItem\",\"position\":2,\"name\":\"Nh\u1eadt k\u00fd c\u1eadp nh\u1eadt\"}]},{\"@type\":\"WebSite\",\"@id\":\"https:\\\/\\\/urbanana.su\\\/vi\\\/#website\",\"url\":\"https:\\\/\\\/urbanana.su\\\/vi\\\/\",\"name\":\"UrbanAna\",\"description\":\"Urban Planning &amp; Design Software\",\"publisher\":{\"@id\":\"https:\\\/\\\/urbanana.su\\\/vi\\\/#organization\"},\"potentialAction\":[{\"@type\":\"SearchAction\",\"target\":{\"@type\":\"EntryPoint\",\"urlTemplate\":\"https:\\\/\\\/urbanana.su\\\/vi\\\/?s={search_term_string}\"},\"query-input\":{\"@type\":\"PropertyValueSpecification\",\"valueRequired\":true,\"valueName\":\"search_term_string\"}}],\"inLanguage\":\"vi-VN\"},{\"@type\":\"Organization\",\"@id\":\"https:\\\/\\\/urbanana.su\\\/vi\\\/#organization\",\"name\":\"UrbanAna\",\"url\":\"https:\\\/\\\/urbanana.su\\\/vi\\\/\",\"logo\":{\"@type\":\"ImageObject\",\"inLanguage\":\"vi-VN\",\"@id\":\"https:\\\/\\\/urbanana.su\\\/vi\\\/#\\\/schema\\\/logo\\\/image\\\/\",\"url\":\"https:\\\/\\\/urbanana.su\\\/wp-content\\\/uploads\\\/2025\\\/01\\\/UA-Logo-Rec-Rounded-corner.png\",\"contentUrl\":\"https:\\\/\\\/urbanana.su\\\/wp-content\\\/uploads\\\/2025\\\/01\\\/UA-Logo-Rec-Rounded-corner.png\",\"width\":218,\"height\":218,\"caption\":\"UrbanAna\"},\"image\":{\"@id\":\"https:\\\/\\\/urbanana.su\\\/vi\\\/#\\\/schema\\\/logo\\\/image\\\/\"},\"sameAs\":[\"https:\\\/\\\/www.facebook.com\\\/UrbanAnaHQ\\\/\"]}]}<\/script>\n<!-- \/ Yoast SEO Premium plugin. -->","yoast_head_json":{"title":"Nh\u1eadt k\u00fd c\u1eadp nh\u1eadt - UrbanAna","robots":{"index":"index","follow":"follow","max-snippet":"max-snippet:-1","max-image-preview":"max-image-preview:large","max-video-preview":"max-video-preview:-1"},"canonical":"https:\/\/urbanana.su\/vi\/nhat-ky-cap-nhat\/","og_locale":"vi_VN","og_type":"article","og_title":"Nh\u1eadt k\u00fd c\u1eadp nh\u1eadt","og_url":"https:\/\/urbanana.su\/vi\/nhat-ky-cap-nhat\/","og_site_name":"UrbanAna","article_publisher":"https:\/\/www.facebook.com\/UrbanAnaHQ\/","article_modified_time":"2025-03-04T15:30:00+00:00","twitter_card":"summary_large_image","twitter_misc":{"Est. reading time":"5 minutes"},"schema":{"@context":"https:\/\/schema.org","@graph":[{"@type":"WebPage","@id":"https:\/\/urbanana.su\/vi\/nhat-ky-cap-nhat\/","url":"https:\/\/urbanana.su\/vi\/nhat-ky-cap-nhat\/","name":"Nh\u1eadt k\u00fd c\u1eadp nh\u1eadt - UrbanAna","isPartOf":{"@id":"https:\/\/urbanana.su\/vi\/#website"},"datePublished":"2025-03-04T11:45:21+00:00","dateModified":"2025-03-04T15:30:00+00:00","breadcrumb":{"@id":"https:\/\/urbanana.su\/vi\/nhat-ky-cap-nhat\/#breadcrumb"},"inLanguage":"vi-VN","potentialAction":[{"@type":"ReadAction","target":["https:\/\/urbanana.su\/vi\/nhat-ky-cap-nhat\/"]}]},{"@type":"BreadcrumbList","@id":"https:\/\/urbanana.su\/vi\/nhat-ky-cap-nhat\/#breadcrumb","itemListElement":[{"@type":"ListItem","position":1,"name":"Trang ch\u1ee7","item":"https:\/\/urbanana.su\/vi\/trang-chu-moi\/"},{"@type":"ListItem","position":2,"name":"Nh\u1eadt k\u00fd c\u1eadp nh\u1eadt"}]},{"@type":"WebSite","@id":"https:\/\/urbanana.su\/vi\/#website","url":"https:\/\/urbanana.su\/vi\/","name":"UrbanAna","description":"Urban Planning &amp; Design Software","publisher":{"@id":"https:\/\/urbanana.su\/vi\/#organization"},"potentialAction":[{"@type":"SearchAction","target":{"@type":"EntryPoint","urlTemplate":"https:\/\/urbanana.su\/vi\/?s={search_term_string}"},"query-input":{"@type":"PropertyValueSpecification","valueRequired":true,"valueName":"search_term_string"}}],"inLanguage":"vi-VN"},{"@type":"Organization","@id":"https:\/\/urbanana.su\/vi\/#organization","name":"UrbanAna","url":"https:\/\/urbanana.su\/vi\/","logo":{"@type":"ImageObject","inLanguage":"vi-VN","@id":"https:\/\/urbanana.su\/vi\/#\/schema\/logo\/image\/","url":"https:\/\/urbanana.su\/wp-content\/uploads\/2025\/01\/UA-Logo-Rec-Rounded-corner.png","contentUrl":"https:\/\/urbanana.su\/wp-content\/uploads\/2025\/01\/UA-Logo-Rec-Rounded-corner.png","width":218,"height":218,"caption":"UrbanAna"},"image":{"@id":"https:\/\/urbanana.su\/vi\/#\/schema\/logo\/image\/"},"sameAs":["https:\/\/www.facebook.com\/UrbanAnaHQ\/"]}]}},"_links":{"self":[{"href":"https:\/\/urbanana.su\/vi\/wp-json\/wp\/v2\/pages\/19503","targetHints":{"allow":["GET"]}}],"collection":[{"href":"https:\/\/urbanana.su\/vi\/wp-json\/wp\/v2\/pages"}],"about":[{"href":"https:\/\/urbanana.su\/vi\/wp-json\/wp\/v2\/types\/page"}],"author":[{"embeddable":true,"href":"https:\/\/urbanana.su\/vi\/wp-json\/wp\/v2\/users\/1"}],"replies":[{"embeddable":true,"href":"https:\/\/urbanana.su\/vi\/wp-json\/wp\/v2\/comments?post=19503"}],"version-history":[{"count":0,"href":"https:\/\/urbanana.su\/vi\/wp-json\/wp\/v2\/pages\/19503\/revisions"}],"wp:attachment":[{"href":"https:\/\/urbanana.su\/vi\/wp-json\/wp\/v2\/media?parent=19503"}],"curies":[{"name":"wp","href":"https:\/\/api.w.org\/{rel}","templated":true}]}}